{"id":688,"date":"2021-07-04T18:39:00","date_gmt":"2021-07-04T15:39:00","guid":{"rendered":"https:\/\/www.astrologyaseminsurer.com\/?page_id=688"},"modified":"2021-07-04T18:39:50","modified_gmt":"2021-07-04T15:39:50","slug":"persoenlichkeitsanalyse","status":"publish","type":"page","link":"https:\/\/www.astrologyaseminsurer.com\/de\/beratungen\/persoenlichkeitsanalyse\/","title":{"rendered":"Pers\u00f6nlichkeitsanalyse"},"content":{"rendered":"\t\t<div data-elementor-type=\"wp-page\" data-elementor-id=\"688\" class=\"elementor elementor-688 elementor-114\" data-elementor-post-type=\"page\">\n\t\t\t\t\t\t<section class=\"elementor-section elementor-top-section elementor-element elementor-element-4ee498c elementor-section-boxed elementor-section-height-default elementor-section-height-default\" data-id=\"4ee498c\" data-element_type=\"section\" data-settings=\"{&quot;background_background&quot;:&quot;classic&quot;}\">\n\t\t\t\t\t\t<div class=\"elementor-container elementor-column-gap-default\">\n\t\t\t\t\t<div class=\"elementor-column elementor-col-100 elementor-top-column elementor-element elementor-element-76b57bf\" data-id=\"76b57bf\" data-element_type=\"column\">\n\t\t\t<div class=\"elementor-widget-wrap elementor-element-populated\">\n\t\t\t\t\t\t<div class=\"elementor-element elementor-element-4f03fae elementor-widget elementor-widget-breadcrumbs\" data-id=\"4f03fae\" data-element_type=\"widget\" data-widget_type=\"breadcrumbs.default\">\n\t\t\t\t<div class=\"elementor-widget-container\">\n\t\t\t\t\t<p id=\"breadcrumbs\"><span><span><a href=\"https:\/\/www.astrologyaseminsurer.com\/de\/\">Startseite<\/a><\/span><\/span><\/p>\t\t\t\t<\/div>\n\t\t\t\t<\/div>\n\t\t\t\t\t<\/div>\n\t\t<\/div>\n\t\t\t\t\t<\/div>\n\t\t<\/section>\n\t\t\t\t<section class=\"elementor-section elementor-top-section elementor-element elementor-element-a21b1f4 elementor-section-content-middle elementor-section-boxed elementor-section-height-default elementor-section-height-default\" data-id=\"a21b1f4\" data-element_type=\"section\">\n\t\t\t\t\t\t<div class=\"elementor-container elementor-column-gap-wide\">\n\t\t\t\t\t<div class=\"elementor-column elementor-col-66 elementor-top-column elementor-element elementor-element-4c2bcef\" data-id=\"4c2bcef\" data-element_type=\"column\">\n\t\t\t<div class=\"elementor-widget-wrap elementor-element-populated\">\n\t\t\t\t\t\t<div class=\"elementor-element elementor-element-2065a6c elementor-widget elementor-widget-image\" data-id=\"2065a6c\" data-element_type=\"widget\" data-widget_type=\"image.default\">\n\t\t\t\t<div class=\"elementor-widget-container\">\n\t\t\t\t\t\t\t\t\t\t\t\t\t\t\t<img decoding=\"async\" src=\"https:\/\/www.astrologyaseminsurer.com\/wp-content\/uploads\/dogum-harita-analizi-1.jpg\" title=\"\" alt=\"\" loading=\"lazy\" \/>\t\t\t\t\t\t\t\t\t\t\t\t\t\t\t<\/div>\n\t\t\t\t<\/div>\n\t\t\t\t\t<\/div>\n\t\t<\/div>\n\t\t\t\t<div class=\"elementor-column elementor-col-33 elementor-top-column elementor-element elementor-element-3d9493a\" data-id=\"3d9493a\" data-element_type=\"column\">\n\t\t\t<div class=\"elementor-widget-wrap elementor-element-populated\">\n\t\t\t\t\t\t<div class=\"elementor-element elementor-element-d652473 elementor-widget elementor-widget-heading\" data-id=\"d652473\" data-element_type=\"widget\" data-widget_type=\"heading.default\">\n\t\t\t\t<div class=\"elementor-widget-container\">\n\t\t\t\t\t<h2 class=\"elementor-heading-title elementor-size-default\">Pers\u00f6nlichkeitsanalyse<\/h2>\t\t\t\t<\/div>\n\t\t\t\t<\/div>\n\t\t\t\t<div class=\"elementor-element elementor-element-8982538 elementor-widget elementor-widget-text-editor\" data-id=\"8982538\" data-element_type=\"widget\" data-widget_type=\"text-editor.default\">\n\t\t\t\t<div class=\"elementor-widget-container\">\n\t\t\t\t\t\t\t\t\t<p><strong>Jeder Mensch ist einzigartig und wird mit bestimmten Potanzialen und Talenten geboren und hat einen Lebensziel.<\/strong><\/p><p>Es ist daher wichtig dieses Lebensziel zu finden damit diese Potanziale und Talente sich entfallen k\u00f6nnen. Das Geburtshoroskop deutet diese verborgenen Sch\u00e4tze an und er\u00f6ffnet den Weg zur Erf\u00fcllung, Freude und Sinn des Lebens.<\/p>\t\t\t\t\t\t\t\t<\/div>\n\t\t\t\t<\/div>\n\t\t\t\t\t<\/div>\n\t\t<\/div>\n\t\t\t\t\t<\/div>\n\t\t<\/section>\n\t\t\t\t<section class=\"elementor-section elementor-top-section elementor-element elementor-element-a99ab7e elementor-section-boxed elementor-section-height-default elementor-section-height-default\" data-id=\"a99ab7e\" data-element_type=\"section\" data-settings=\"{&quot;background_background&quot;:&quot;classic&quot;}\">\n\t\t\t\t\t\t<div class=\"elementor-container elementor-column-gap-default\">\n\t\t\t\t\t<div class=\"elementor-column elementor-col-100 elementor-top-column elementor-element elementor-element-017347b\" data-id=\"017347b\" data-element_type=\"column\">\n\t\t\t<div class=\"elementor-widget-wrap elementor-element-populated\">\n\t\t\t\t\t\t<div class=\"elementor-element elementor-element-37b88d2 elementor-widget elementor-widget-template\" data-id=\"37b88d2\" data-element_type=\"widget\" data-widget_type=\"template.default\">\n\t\t\t\t<div class=\"elementor-widget-container\">\n\t\t\t\t\t\t\t<div class=\"elementor-template\">\n\t\t\t\t\t<div data-elementor-type=\"section\" data-elementor-id=\"682\" class=\"elementor elementor-682 elementor-146\" data-elementor-post-type=\"elementor_library\">\n\t\t\t\t\t<section class=\"elementor-section elementor-top-section elementor-element elementor-element-9cd0fcf elementor-section-stretched elementor-section-boxed elementor-section-height-default elementor-section-height-default\" data-id=\"9cd0fcf\" data-element_type=\"section\" data-settings=\"{&quot;stretch_section&quot;:&quot;section-stretched&quot;}\">\n\t\t\t\t\t\t<div class=\"elementor-container elementor-column-gap-default\">\n\t\t\t\t\t<div class=\"elementor-column elementor-col-100 elementor-top-column elementor-element elementor-element-aa77de2\" data-id=\"aa77de2\" data-element_type=\"column\">\n\t\t\t<div class=\"elementor-widget-wrap elementor-element-populated\">\n\t\t\t\t\t\t<div class=\"elementor-element elementor-element-38766a1 elementor-cta--skin-cover elementor-animated-content elementor-bg-transform elementor-bg-transform-zoom-in elementor-widget elementor-widget-call-to-action\" data-id=\"38766a1\" data-element_type=\"widget\" data-widget_type=\"call-to-action.default\">\n\t\t\t\t<div class=\"elementor-widget-container\">\n\t\t\t\t\t\t\t<div class=\"elementor-cta\">\n\t\t\t\t\t<div class=\"elementor-cta__bg-wrapper\">\n\t\t\t\t<div class=\"elementor-cta__bg elementor-bg\" style=\"background-image: url();\" role=\"img\" aria-label=\"\"><\/div>\n\t\t\t\t<div class=\"elementor-cta__bg-overlay\"><\/div>\n\t\t\t<\/div>\n\t\t\t\t\t\t\t<div class=\"elementor-cta__content\">\n\t\t\t\t\n\t\t\t\t\t\t\t\t\t<h2 class=\"elementor-cta__title elementor-cta__content-item elementor-content-item elementor-animated-item--grow\">\n\t\t\t\t\t\tKontakt\t\t\t\t\t<\/h2>\n\t\t\t\t\n\t\t\t\t\t\t\t\t\t<div class=\"elementor-cta__description elementor-cta__content-item elementor-content-item elementor-animated-item--grow\">\n\t\t\t\t\t\tSie k\u00f6nnen mich kontaktieren, indem Sie das Formular ausf\u00fcllen. Ich freue mich Sie auf Ihrem Weg begleiten zu k\u00f6nnen.\t\t\t\t\t<\/div>\n\t\t\t\t\n\t\t\t\t\t\t\t\t\t<div class=\"elementor-cta__button-wrapper elementor-cta__content-item elementor-content-item elementor-animated-item--grow\">\n\t\t\t\t\t<a class=\"elementor-cta__button elementor-button elementor-size-\" href=\"#elementor-action%3Aaction%3Dpopup%3Aopen%26settings%3DeyJpZCI6OTcxLCJ0b2dnbGUiOmZhbHNlfQ%3D%3D\">\n\t\t\t\t\t\tSenden\t\t\t\t\t<\/a>\n\t\t\t\t\t<\/div>\n\t\t\t\t\t\t\t<\/div>\n\t\t\t\t\t\t<\/div>\n\t\t\t\t\t\t<\/div>\n\t\t\t\t<\/div>\n\t\t\t\t\t<\/div>\n\t\t<\/div>\n\t\t\t\t\t<\/div>\n\t\t<\/section>\n\t\t\t\t<\/div>\n\t\t\t\t<\/div>\n\t\t\t\t\t\t<\/div>\n\t\t\t\t<\/div>\n\t\t\t\t\t<\/div>\n\t\t<\/div>\n\t\t\t\t\t<\/div>\n\t\t<\/section>\n\t\t\t\t<\/div>\n\t\t","protected":false},"excerpt":{"rendered":"<p>Pers\u00f6nlichkeitsanalyse Jeder Mensch ist einzigartig und wird mit bestimmten Potanzialen und Talenten geboren und hat einen Lebensziel. Es ist daher wichtig dieses Lebensziel zu finden damit diese Potanziale und Talente sich entfallen k\u00f6nnen. Das Geburtshoroskop deutet diese verborgenen Sch\u00e4tze an und er\u00f6ffnet den Weg zur Erf\u00fcllung, Freude und Sinn des Lebens.<\/p>\n","protected":false},"author":1,"featured_media":0,"parent":48,"menu_order":0,"comment_status":"closed","ping_status":"closed","template":"elementor_header_footer","meta":{"footnotes":""},"class_list":["post-688","page","type-page","status-publish","hentry"],"yoast_head":"<!-- This site is optimized with the Yoast SEO plugin v27.6 - https:\/\/yoast.com\/product\/yoast-seo-wordpress\/ -->\n<title>Pers\u00f6nlichkeitsanalyse - Astrolog Yasemin S\u00fcrer<\/title>\n<meta name=\"robots\" content=\"index, follow, max-snippet:-1, max-image-preview:large, max-video-preview:-1\" \/>\n<link rel=\"canonical\" href=\"https:\/\/www.astrologyaseminsurer.com\/de\/beratungen\/persoenlichkeitsanalyse\/\" \/>\n<meta property=\"og:locale\" content=\"de_DE\" \/>\n<meta property=\"og:type\" content=\"article\" \/>\n<meta property=\"og:title\" content=\"Pers\u00f6nlichkeitsanalyse - Astrolog Yasemin S\u00fcrer\" \/>\n<meta property=\"og:description\" content=\"Pers\u00f6nlichkeitsanalyse Jeder Mensch ist einzigartig und wird mit bestimmten Potanzialen und Talenten geboren und hat einen Lebensziel. Es ist daher wichtig dieses Lebensziel zu finden damit diese Potanziale und Talente sich entfallen k\u00f6nnen. Das Geburtshoroskop deutet diese verborgenen Sch\u00e4tze an und er\u00f6ffnet den Weg zur Erf\u00fcllung, Freude und Sinn des Lebens.\" \/>\n<meta property=\"og:url\" content=\"https:\/\/www.astrologyaseminsurer.com\/de\/beratungen\/persoenlichkeitsanalyse\/\" \/>\n<meta property=\"og:site_name\" content=\"Astrolog Yasemin S\u00fcrer\" \/>\n<meta property=\"article:modified_time\" content=\"2021-07-04T15:39:50+00:00\" \/>\n<meta property=\"og:image\" content=\"https:\/\/www.astrologyaseminsurer.com\/wp-content\/uploads\/dogum-harita-analizi-1.jpg\" \/>\n<meta name=\"twitter:card\" content=\"summary_large_image\" \/>\n<meta name=\"twitter:label1\" content=\"Gesch\u00e4tzte Lesezeit\" \/>\n\t<meta name=\"twitter:data1\" content=\"1\u00a0Minute\" \/>\n<script type=\"application\/ld+json\" class=\"yoast-schema-graph\">{\"@context\":\"https:\\\/\\\/schema.org\",\"@graph\":[{\"@type\":\"WebPage\",\"@id\":\"https:\\\/\\\/www.astrologyaseminsurer.com\\\/de\\\/beratungen\\\/persoenlichkeitsanalyse\\\/\",\"url\":\"https:\\\/\\\/www.astrologyaseminsurer.com\\\/de\\\/beratungen\\\/persoenlichkeitsanalyse\\\/\",\"name\":\"Pers\u00f6nlichkeitsanalyse - Astrolog Yasemin S\u00fcrer\",\"isPartOf\":{\"@id\":\"https:\\\/\\\/www.astrologyaseminsurer.com\\\/de\\\/#website\"},\"primaryImageOfPage\":{\"@id\":\"https:\\\/\\\/www.astrologyaseminsurer.com\\\/de\\\/beratungen\\\/persoenlichkeitsanalyse\\\/#primaryimage\"},\"image\":{\"@id\":\"https:\\\/\\\/www.astrologyaseminsurer.com\\\/de\\\/beratungen\\\/persoenlichkeitsanalyse\\\/#primaryimage\"},\"thumbnailUrl\":\"https:\\\/\\\/www.astrologyaseminsurer.com\\\/wp-content\\\/uploads\\\/dogum-harita-analizi-1.jpg\",\"datePublished\":\"2021-07-04T15:39:00+00:00\",\"dateModified\":\"2021-07-04T15:39:50+00:00\",\"breadcrumb\":{\"@id\":\"https:\\\/\\\/www.astrologyaseminsurer.com\\\/de\\\/beratungen\\\/persoenlichkeitsanalyse\\\/#breadcrumb\"},\"inLanguage\":\"de\",\"potentialAction\":[{\"@type\":\"ReadAction\",\"target\":[\"https:\\\/\\\/www.astrologyaseminsurer.com\\\/de\\\/beratungen\\\/persoenlichkeitsanalyse\\\/\"]}]},{\"@type\":\"ImageObject\",\"inLanguage\":\"de\",\"@id\":\"https:\\\/\\\/www.astrologyaseminsurer.com\\\/de\\\/beratungen\\\/persoenlichkeitsanalyse\\\/#primaryimage\",\"url\":\"https:\\\/\\\/www.astrologyaseminsurer.com\\\/wp-content\\\/uploads\\\/dogum-harita-analizi-1.jpg\",\"contentUrl\":\"https:\\\/\\\/www.astrologyaseminsurer.com\\\/wp-content\\\/uploads\\\/dogum-harita-analizi-1.jpg\"},{\"@type\":\"BreadcrumbList\",\"@id\":\"https:\\\/\\\/www.astrologyaseminsurer.com\\\/de\\\/beratungen\\\/persoenlichkeitsanalyse\\\/#breadcrumb\",\"itemListElement\":[{\"@type\":\"ListItem\",\"position\":1,\"name\":\"Startseite\",\"item\":\"https:\\\/\\\/www.astrologyaseminsurer.com\\\/de\\\/\"},{\"@type\":\"ListItem\",\"position\":2,\"name\":\"Beratungen\",\"item\":\"https:\\\/\\\/www.astrologyaseminsurer.com\\\/de\\\/beratungen\\\/\"},{\"@type\":\"ListItem\",\"position\":3,\"name\":\"Pers\u00f6nlichkeitsanalyse\"}]},{\"@type\":\"WebSite\",\"@id\":\"https:\\\/\\\/www.astrologyaseminsurer.com\\\/de\\\/#website\",\"url\":\"https:\\\/\\\/www.astrologyaseminsurer.com\\\/de\\\/\",\"name\":\"Astrolog Yasemin S\u00fcrer\",\"description\":\"Astroloji\",\"publisher\":{\"@id\":\"https:\\\/\\\/www.astrologyaseminsurer.com\\\/de\\\/#\\\/schema\\\/person\\\/fcdc35438f86932c37f3eeb5bdf0bf65\"},\"potentialAction\":[{\"@type\":\"SearchAction\",\"target\":{\"@type\":\"EntryPoint\",\"urlTemplate\":\"https:\\\/\\\/www.astrologyaseminsurer.com\\\/de\\\/?s={search_term_string}\"},\"query-input\":{\"@type\":\"PropertyValueSpecification\",\"valueRequired\":true,\"valueName\":\"search_term_string\"}}],\"inLanguage\":\"de\"},{\"@type\":[\"Person\",\"Organization\"],\"@id\":\"https:\\\/\\\/www.astrologyaseminsurer.com\\\/de\\\/#\\\/schema\\\/person\\\/fcdc35438f86932c37f3eeb5bdf0bf65\",\"name\":\"Astrolog\",\"image\":{\"@type\":\"ImageObject\",\"inLanguage\":\"de\",\"@id\":\"https:\\\/\\\/www.astrologyaseminsurer.com\\\/wp-content\\\/uploads\\\/yasemin-surer-logo-3.png\",\"url\":\"https:\\\/\\\/www.astrologyaseminsurer.com\\\/wp-content\\\/uploads\\\/yasemin-surer-logo-3.png\",\"contentUrl\":\"https:\\\/\\\/www.astrologyaseminsurer.com\\\/wp-content\\\/uploads\\\/yasemin-surer-logo-3.png\",\"width\":400,\"height\":108,\"caption\":\"Astrolog\"},\"logo\":{\"@id\":\"https:\\\/\\\/www.astrologyaseminsurer.com\\\/wp-content\\\/uploads\\\/yasemin-surer-logo-3.png\"},\"sameAs\":[\"https:\\\/\\\/www.astrologyaseminsurer.com\"]}]}<\/script>\n<!-- \/ Yoast SEO plugin. -->","yoast_head_json":{"title":"Pers\u00f6nlichkeitsanalyse - Astrolog Yasemin S\u00fcrer","robots":{"index":"index","follow":"follow","max-snippet":"max-snippet:-1","max-image-preview":"max-image-preview:large","max-video-preview":"max-video-preview:-1"},"canonical":"https:\/\/www.astrologyaseminsurer.com\/de\/beratungen\/persoenlichkeitsanalyse\/","og_locale":"de_DE","og_type":"article","og_title":"Pers\u00f6nlichkeitsanalyse - Astrolog Yasemin S\u00fcrer","og_description":"Pers\u00f6nlichkeitsanalyse Jeder Mensch ist einzigartig und wird mit bestimmten Potanzialen und Talenten geboren und hat einen Lebensziel. Es ist daher wichtig dieses Lebensziel zu finden damit diese Potanziale und Talente sich entfallen k\u00f6nnen. Das Geburtshoroskop deutet diese verborgenen Sch\u00e4tze an und er\u00f6ffnet den Weg zur Erf\u00fcllung, Freude und Sinn des Lebens.","og_url":"https:\/\/www.astrologyaseminsurer.com\/de\/beratungen\/persoenlichkeitsanalyse\/","og_site_name":"Astrolog Yasemin S\u00fcrer","article_modified_time":"2021-07-04T15:39:50+00:00","og_image":[{"url":"https:\/\/www.astrologyaseminsurer.com\/wp-content\/uploads\/dogum-harita-analizi-1.jpg","type":"","width":"","height":""}],"twitter_card":"summary_large_image","twitter_misc":{"Gesch\u00e4tzte Lesezeit":"1\u00a0Minute"},"schema":{"@context":"https:\/\/schema.org","@graph":[{"@type":"WebPage","@id":"https:\/\/www.astrologyaseminsurer.com\/de\/beratungen\/persoenlichkeitsanalyse\/","url":"https:\/\/www.astrologyaseminsurer.com\/de\/beratungen\/persoenlichkeitsanalyse\/","name":"Pers\u00f6nlichkeitsanalyse - Astrolog Yasemin S\u00fcrer","isPartOf":{"@id":"https:\/\/www.astrologyaseminsurer.com\/de\/#website"},"primaryImageOfPage":{"@id":"https:\/\/www.astrologyaseminsurer.com\/de\/beratungen\/persoenlichkeitsanalyse\/#primaryimage"},"image":{"@id":"https:\/\/www.astrologyaseminsurer.com\/de\/beratungen\/persoenlichkeitsanalyse\/#primaryimage"},"thumbnailUrl":"https:\/\/www.astrologyaseminsurer.com\/wp-content\/uploads\/dogum-harita-analizi-1.jpg","datePublished":"2021-07-04T15:39:00+00:00","dateModified":"2021-07-04T15:39:50+00:00","breadcrumb":{"@id":"https:\/\/www.astrologyaseminsurer.com\/de\/beratungen\/persoenlichkeitsanalyse\/#breadcrumb"},"inLanguage":"de","potentialAction":[{"@type":"ReadAction","target":["https:\/\/www.astrologyaseminsurer.com\/de\/beratungen\/persoenlichkeitsanalyse\/"]}]},{"@type":"ImageObject","inLanguage":"de","@id":"https:\/\/www.astrologyaseminsurer.com\/de\/beratungen\/persoenlichkeitsanalyse\/#primaryimage","url":"https:\/\/www.astrologyaseminsurer.com\/wp-content\/uploads\/dogum-harita-analizi-1.jpg","contentUrl":"https:\/\/www.astrologyaseminsurer.com\/wp-content\/uploads\/dogum-harita-analizi-1.jpg"},{"@type":"BreadcrumbList","@id":"https:\/\/www.astrologyaseminsurer.com\/de\/beratungen\/persoenlichkeitsanalyse\/#breadcrumb","itemListElement":[{"@type":"ListItem","position":1,"name":"Startseite","item":"https:\/\/www.astrologyaseminsurer.com\/de\/"},{"@type":"ListItem","position":2,"name":"Beratungen","item":"https:\/\/www.astrologyaseminsurer.com\/de\/beratungen\/"},{"@type":"ListItem","position":3,"name":"Pers\u00f6nlichkeitsanalyse"}]},{"@type":"WebSite","@id":"https:\/\/www.astrologyaseminsurer.com\/de\/#website","url":"https:\/\/www.astrologyaseminsurer.com\/de\/","name":"Astrolog Yasemin S\u00fcrer","description":"Astroloji","publisher":{"@id":"https:\/\/www.astrologyaseminsurer.com\/de\/#\/schema\/person\/fcdc35438f86932c37f3eeb5bdf0bf65"},"potentialAction":[{"@type":"SearchAction","target":{"@type":"EntryPoint","urlTemplate":"https:\/\/www.astrologyaseminsurer.com\/de\/?s={search_term_string}"},"query-input":{"@type":"PropertyValueSpecification","valueRequired":true,"valueName":"search_term_string"}}],"inLanguage":"de"},{"@type":["Person","Organization"],"@id":"https:\/\/www.astrologyaseminsurer.com\/de\/#\/schema\/person\/fcdc35438f86932c37f3eeb5bdf0bf65","name":"Astrolog","image":{"@type":"ImageObject","inLanguage":"de","@id":"https:\/\/www.astrologyaseminsurer.com\/wp-content\/uploads\/yasemin-surer-logo-3.png","url":"https:\/\/www.astrologyaseminsurer.com\/wp-content\/uploads\/yasemin-surer-logo-3.png","contentUrl":"https:\/\/www.astrologyaseminsurer.com\/wp-content\/uploads\/yasemin-surer-logo-3.png","width":400,"height":108,"caption":"Astrolog"},"logo":{"@id":"https:\/\/www.astrologyaseminsurer.com\/wp-content\/uploads\/yasemin-surer-logo-3.png"},"sameAs":["https:\/\/www.astrologyaseminsurer.com"]}]}},"_links":{"self":[{"href":"https:\/\/www.astrologyaseminsurer.com\/de\/wp-json\/wp\/v2\/pages\/688","targetHints":{"allow":["GET"]}}],"collection":[{"href":"https:\/\/www.astrologyaseminsurer.com\/de\/wp-json\/wp\/v2\/pages"}],"about":[{"href":"https:\/\/www.astrologyaseminsurer.com\/de\/wp-json\/wp\/v2\/types\/page"}],"author":[{"embeddable":true,"href":"https:\/\/www.astrologyaseminsurer.com\/de\/wp-json\/wp\/v2\/users\/1"}],"replies":[{"embeddable":true,"href":"https:\/\/www.astrologyaseminsurer.com\/de\/wp-json\/wp\/v2\/comments?post=688"}],"version-history":[{"count":4,"href":"https:\/\/www.astrologyaseminsurer.com\/de\/wp-json\/wp\/v2\/pages\/688\/revisions"}],"predecessor-version":[{"id":692,"href":"https:\/\/www.astrologyaseminsurer.com\/de\/wp-json\/wp\/v2\/pages\/688\/revisions\/692"}],"up":[{"embeddable":true,"href":"https:\/\/www.astrologyaseminsurer.com\/de\/wp-json\/wp\/v2\/pages\/48"}],"wp:attachment":[{"href":"https:\/\/www.astrologyaseminsurer.com\/de\/wp-json\/wp\/v2\/media?parent=688"}],"curies":[{"name":"wp","href":"https:\/\/api.w.org\/{rel}","templated":true}]}}