{"id":693,"date":"2021-07-04T18:42:09","date_gmt":"2021-07-04T15:42:09","guid":{"rendered":"https:\/\/www.astrologyaseminsurer.com\/?page_id=693"},"modified":"2021-07-04T18:47:46","modified_gmt":"2021-07-04T15:47:46","slug":"beratung-fuer-die-jahresthemen","status":"publish","type":"page","link":"https:\/\/www.astrologyaseminsurer.com\/de\/beratungen\/beratung-fuer-die-jahresthemen\/","title":{"rendered":"Beratung f\u00fcr die Jahresthemen"},"content":{"rendered":"\t\t<div data-elementor-type=\"wp-page\" data-elementor-id=\"693\" class=\"elementor elementor-693 elementor-278\" data-elementor-post-type=\"page\">\n\t\t\t\t\t\t<section class=\"elementor-section elementor-top-section elementor-element elementor-element-e11ff3a elementor-section-boxed elementor-section-height-default elementor-section-height-default\" data-id=\"e11ff3a\" data-element_type=\"section\" data-settings=\"{&quot;background_background&quot;:&quot;classic&quot;}\">\n\t\t\t\t\t\t<div class=\"elementor-container elementor-column-gap-default\">\n\t\t\t\t\t<div class=\"elementor-column elementor-col-100 elementor-top-column elementor-element elementor-element-31e7b7d\" data-id=\"31e7b7d\" data-element_type=\"column\">\n\t\t\t<div class=\"elementor-widget-wrap elementor-element-populated\">\n\t\t\t\t\t\t<div class=\"elementor-element elementor-element-ba52acd elementor-widget elementor-widget-breadcrumbs\" data-id=\"ba52acd\" data-element_type=\"widget\" data-widget_type=\"breadcrumbs.default\">\n\t\t\t\t<div class=\"elementor-widget-container\">\n\t\t\t\t\t<p id=\"breadcrumbs\"><span><span><a href=\"https:\/\/www.astrologyaseminsurer.com\/de\/\">Startseite<\/a><\/span><\/span><\/p>\t\t\t\t<\/div>\n\t\t\t\t<\/div>\n\t\t\t\t\t<\/div>\n\t\t<\/div>\n\t\t\t\t\t<\/div>\n\t\t<\/section>\n\t\t\t\t<section class=\"elementor-section elementor-top-section elementor-element elementor-element-7f38868 elementor-section-content-middle elementor-section-boxed elementor-section-height-default elementor-section-height-default\" data-id=\"7f38868\" data-element_type=\"section\">\n\t\t\t\t\t\t<div class=\"elementor-container elementor-column-gap-wide\">\n\t\t\t\t\t<div class=\"elementor-column elementor-col-66 elementor-top-column elementor-element elementor-element-2e1f5e4\" data-id=\"2e1f5e4\" data-element_type=\"column\">\n\t\t\t<div class=\"elementor-widget-wrap elementor-element-populated\">\n\t\t\t\t\t\t<div class=\"elementor-element elementor-element-265330e elementor-widget elementor-widget-image\" data-id=\"265330e\" data-element_type=\"widget\" data-widget_type=\"image.default\">\n\t\t\t\t<div class=\"elementor-widget-container\">\n\t\t\t\t\t\t\t\t\t\t\t\t\t\t\t<img fetchpriority=\"high\" decoding=\"async\" width=\"800\" height=\"533\" src=\"https:\/\/www.astrologyaseminsurer.com\/wp-content\/uploads\/yillik-analiz.jpg\" class=\"attachment-large size-large wp-image-550\" alt=\"\" srcset=\"https:\/\/www.astrologyaseminsurer.com\/wp-content\/uploads\/yillik-analiz.jpg 900w, https:\/\/www.astrologyaseminsurer.com\/wp-content\/uploads\/yillik-analiz-300x200.jpg 300w, https:\/\/www.astrologyaseminsurer.com\/wp-content\/uploads\/yillik-analiz-150x100.jpg 150w, https:\/\/www.astrologyaseminsurer.com\/wp-content\/uploads\/yillik-analiz-768x512.jpg 768w\" sizes=\"(max-width: 800px) 100vw, 800px\" \/>\t\t\t\t\t\t\t\t\t\t\t\t\t\t\t<\/div>\n\t\t\t\t<\/div>\n\t\t\t\t\t<\/div>\n\t\t<\/div>\n\t\t\t\t<div class=\"elementor-column elementor-col-33 elementor-top-column elementor-element elementor-element-5b9e04a\" data-id=\"5b9e04a\" data-element_type=\"column\">\n\t\t\t<div class=\"elementor-widget-wrap elementor-element-populated\">\n\t\t\t\t\t\t<div class=\"elementor-element elementor-element-07568af elementor-widget elementor-widget-heading\" data-id=\"07568af\" data-element_type=\"widget\" data-widget_type=\"heading.default\">\n\t\t\t\t<div class=\"elementor-widget-container\">\n\t\t\t\t\t<h2 class=\"elementor-heading-title elementor-size-default\">Beratung f\u00fcr die Jahresthemen<\/h2>\t\t\t\t<\/div>\n\t\t\t\t<\/div>\n\t\t\t\t<div class=\"elementor-element elementor-element-f51d619 elementor-widget elementor-widget-text-editor\" data-id=\"f51d619\" data-element_type=\"widget\" data-widget_type=\"text-editor.default\">\n\t\t\t\t<div class=\"elementor-widget-container\">\n\t\t\t\t\t\t\t\t\t<p><strong>Spezial an den Geburtstagen beginnt ein neues Jahresplan das Solar Return Analyse genannt wird.<\/strong><\/p><p>Ich berate Sie f\u00fcr Themen die auf ihren 1-Jahrigen Lehrplan stehen, welche Herausforderungen Sie erwartet, wie die bevorstehenden Chancen genutzt werden und wie Sie das beste daraus machen k\u00f6nnen.<\/p>\t\t\t\t\t\t\t\t<\/div>\n\t\t\t\t<\/div>\n\t\t\t\t\t<\/div>\n\t\t<\/div>\n\t\t\t\t\t<\/div>\n\t\t<\/section>\n\t\t\t\t<section class=\"elementor-section elementor-top-section elementor-element elementor-element-5e5a5a5 elementor-section-boxed elementor-section-height-default elementor-section-height-default\" data-id=\"5e5a5a5\" data-element_type=\"section\">\n\t\t\t\t\t\t<div class=\"elementor-container elementor-column-gap-default\">\n\t\t\t\t\t<div class=\"elementor-column elementor-col-100 elementor-top-column elementor-element elementor-element-8f6771d\" data-id=\"8f6771d\" data-element_type=\"column\">\n\t\t\t<div class=\"elementor-widget-wrap elementor-element-populated\">\n\t\t\t\t\t\t<div class=\"elementor-element elementor-element-226cdfe elementor-widget elementor-widget-template\" data-id=\"226cdfe\" data-element_type=\"widget\" data-widget_type=\"template.default\">\n\t\t\t\t<div class=\"elementor-widget-container\">\n\t\t\t\t\t\t\t<div class=\"elementor-template\">\n\t\t\t\t\t<div data-elementor-type=\"section\" data-elementor-id=\"682\" class=\"elementor elementor-682 elementor-146\" data-elementor-post-type=\"elementor_library\">\n\t\t\t\t\t<section class=\"elementor-section elementor-top-section elementor-element elementor-element-9cd0fcf elementor-section-stretched elementor-section-boxed elementor-section-height-default elementor-section-height-default\" data-id=\"9cd0fcf\" data-element_type=\"section\" data-settings=\"{&quot;stretch_section&quot;:&quot;section-stretched&quot;}\">\n\t\t\t\t\t\t<div class=\"elementor-container elementor-column-gap-default\">\n\t\t\t\t\t<div class=\"elementor-column elementor-col-100 elementor-top-column elementor-element elementor-element-aa77de2\" data-id=\"aa77de2\" data-element_type=\"column\">\n\t\t\t<div class=\"elementor-widget-wrap elementor-element-populated\">\n\t\t\t\t\t\t<div class=\"elementor-element elementor-element-38766a1 elementor-cta--skin-cover elementor-animated-content elementor-bg-transform elementor-bg-transform-zoom-in elementor-widget elementor-widget-call-to-action\" data-id=\"38766a1\" data-element_type=\"widget\" data-widget_type=\"call-to-action.default\">\n\t\t\t\t<div class=\"elementor-widget-container\">\n\t\t\t\t\t\t\t<div class=\"elementor-cta\">\n\t\t\t\t\t<div class=\"elementor-cta__bg-wrapper\">\n\t\t\t\t<div class=\"elementor-cta__bg elementor-bg\" style=\"background-image: url();\" role=\"img\" aria-label=\"\"><\/div>\n\t\t\t\t<div class=\"elementor-cta__bg-overlay\"><\/div>\n\t\t\t<\/div>\n\t\t\t\t\t\t\t<div class=\"elementor-cta__content\">\n\t\t\t\t\n\t\t\t\t\t\t\t\t\t<h2 class=\"elementor-cta__title elementor-cta__content-item elementor-content-item elementor-animated-item--grow\">\n\t\t\t\t\t\tKontakt\t\t\t\t\t<\/h2>\n\t\t\t\t\n\t\t\t\t\t\t\t\t\t<div class=\"elementor-cta__description elementor-cta__content-item elementor-content-item elementor-animated-item--grow\">\n\t\t\t\t\t\tSie k\u00f6nnen mich kontaktieren, indem Sie das Formular ausf\u00fcllen. Ich freue mich Sie auf Ihrem Weg begleiten zu k\u00f6nnen.\t\t\t\t\t<\/div>\n\t\t\t\t\n\t\t\t\t\t\t\t\t\t<div class=\"elementor-cta__button-wrapper elementor-cta__content-item elementor-content-item elementor-animated-item--grow\">\n\t\t\t\t\t<a class=\"elementor-cta__button elementor-button elementor-size-\" href=\"#elementor-action%3Aaction%3Dpopup%3Aopen%26settings%3DeyJpZCI6OTcxLCJ0b2dnbGUiOmZhbHNlfQ%3D%3D\">\n\t\t\t\t\t\tSenden\t\t\t\t\t<\/a>\n\t\t\t\t\t<\/div>\n\t\t\t\t\t\t\t<\/div>\n\t\t\t\t\t\t<\/div>\n\t\t\t\t\t\t<\/div>\n\t\t\t\t<\/div>\n\t\t\t\t\t<\/div>\n\t\t<\/div>\n\t\t\t\t\t<\/div>\n\t\t<\/section>\n\t\t\t\t<\/div>\n\t\t\t\t<\/div>\n\t\t\t\t\t\t<\/div>\n\t\t\t\t<\/div>\n\t\t\t\t\t<\/div>\n\t\t<\/div>\n\t\t\t\t\t<\/div>\n\t\t<\/section>\n\t\t\t\t<\/div>\n\t\t","protected":false},"excerpt":{"rendered":"<p>Beratung f\u00fcr die Jahresthemen Spezial an den Geburtstagen beginnt ein neues Jahresplan das Solar Return Analyse genannt wird. Ich berate Sie f\u00fcr Themen die auf ihren 1-Jahrigen Lehrplan stehen, welche Herausforderungen Sie erwartet, wie die bevorstehenden Chancen genutzt werden und wie Sie das beste daraus machen k\u00f6nnen.<\/p>\n","protected":false},"author":1,"featured_media":170,"parent":48,"menu_order":0,"comment_status":"closed","ping_status":"closed","template":"elementor_header_footer","meta":{"footnotes":""},"class_list":["post-693","page","type-page","status-publish","has-post-thumbnail","hentry"],"yoast_head":"<!-- This site is optimized with the Yoast SEO plugin v27.6 - https:\/\/yoast.com\/product\/yoast-seo-wordpress\/ -->\n<title>Beratung f\u00fcr die Jahresthemen - Astrolog Yasemin S\u00fcrer<\/title>\n<meta name=\"robots\" content=\"index, follow, max-snippet:-1, max-image-preview:large, max-video-preview:-1\" \/>\n<link rel=\"canonical\" href=\"https:\/\/www.astrologyaseminsurer.com\/de\/beratungen\/beratung-fuer-die-jahresthemen\/\" \/>\n<meta property=\"og:locale\" content=\"de_DE\" \/>\n<meta property=\"og:type\" content=\"article\" \/>\n<meta property=\"og:title\" content=\"Beratung f\u00fcr die Jahresthemen - Astrolog Yasemin S\u00fcrer\" \/>\n<meta property=\"og:description\" content=\"Beratung f\u00fcr die Jahresthemen Spezial an den Geburtstagen beginnt ein neues Jahresplan das Solar Return Analyse genannt wird. Ich berate Sie f\u00fcr Themen die auf ihren 1-Jahrigen Lehrplan stehen, welche Herausforderungen Sie erwartet, wie die bevorstehenden Chancen genutzt werden und wie Sie das beste daraus machen k\u00f6nnen.\" \/>\n<meta property=\"og:url\" content=\"https:\/\/www.astrologyaseminsurer.com\/de\/beratungen\/beratung-fuer-die-jahresthemen\/\" \/>\n<meta property=\"og:site_name\" content=\"Astrolog Yasemin S\u00fcrer\" \/>\n<meta property=\"article:modified_time\" content=\"2021-07-04T15:47:46+00:00\" \/>\n<meta property=\"og:image\" content=\"https:\/\/www.astrologyaseminsurer.com\/wp-content\/uploads\/solar-return.jpg\" \/>\n\t<meta property=\"og:image:width\" content=\"626\" \/>\n\t<meta property=\"og:image:height\" content=\"417\" \/>\n\t<meta property=\"og:image:type\" content=\"image\/jpeg\" \/>\n<meta name=\"twitter:card\" content=\"summary_large_image\" \/>\n<meta name=\"twitter:label1\" content=\"Gesch\u00e4tzte Lesezeit\" \/>\n\t<meta name=\"twitter:data1\" content=\"1\u00a0Minute\" \/>\n<script type=\"application\/ld+json\" class=\"yoast-schema-graph\">{\"@context\":\"https:\\\/\\\/schema.org\",\"@graph\":[{\"@type\":\"WebPage\",\"@id\":\"https:\\\/\\\/www.astrologyaseminsurer.com\\\/de\\\/beratungen\\\/beratung-fuer-die-jahresthemen\\\/\",\"url\":\"https:\\\/\\\/www.astrologyaseminsurer.com\\\/de\\\/beratungen\\\/beratung-fuer-die-jahresthemen\\\/\",\"name\":\"Beratung f\u00fcr die Jahresthemen - Astrolog Yasemin S\u00fcrer\",\"isPartOf\":{\"@id\":\"https:\\\/\\\/www.astrologyaseminsurer.com\\\/de\\\/#website\"},\"primaryImageOfPage\":{\"@id\":\"https:\\\/\\\/www.astrologyaseminsurer.com\\\/de\\\/beratungen\\\/beratung-fuer-die-jahresthemen\\\/#primaryimage\"},\"image\":{\"@id\":\"https:\\\/\\\/www.astrologyaseminsurer.com\\\/de\\\/beratungen\\\/beratung-fuer-die-jahresthemen\\\/#primaryimage\"},\"thumbnailUrl\":\"https:\\\/\\\/www.astrologyaseminsurer.com\\\/wp-content\\\/uploads\\\/solar-return.jpg\",\"datePublished\":\"2021-07-04T15:42:09+00:00\",\"dateModified\":\"2021-07-04T15:47:46+00:00\",\"breadcrumb\":{\"@id\":\"https:\\\/\\\/www.astrologyaseminsurer.com\\\/de\\\/beratungen\\\/beratung-fuer-die-jahresthemen\\\/#breadcrumb\"},\"inLanguage\":\"de\",\"potentialAction\":[{\"@type\":\"ReadAction\",\"target\":[\"https:\\\/\\\/www.astrologyaseminsurer.com\\\/de\\\/beratungen\\\/beratung-fuer-die-jahresthemen\\\/\"]}]},{\"@type\":\"ImageObject\",\"inLanguage\":\"de\",\"@id\":\"https:\\\/\\\/www.astrologyaseminsurer.com\\\/de\\\/beratungen\\\/beratung-fuer-die-jahresthemen\\\/#primaryimage\",\"url\":\"https:\\\/\\\/www.astrologyaseminsurer.com\\\/wp-content\\\/uploads\\\/solar-return.jpg\",\"contentUrl\":\"https:\\\/\\\/www.astrologyaseminsurer.com\\\/wp-content\\\/uploads\\\/solar-return.jpg\",\"width\":626,\"height\":417},{\"@type\":\"BreadcrumbList\",\"@id\":\"https:\\\/\\\/www.astrologyaseminsurer.com\\\/de\\\/beratungen\\\/beratung-fuer-die-jahresthemen\\\/#breadcrumb\",\"itemListElement\":[{\"@type\":\"ListItem\",\"position\":1,\"name\":\"Startseite\",\"item\":\"https:\\\/\\\/www.astrologyaseminsurer.com\\\/de\\\/\"},{\"@type\":\"ListItem\",\"position\":2,\"name\":\"Beratungen\",\"item\":\"https:\\\/\\\/www.astrologyaseminsurer.com\\\/de\\\/beratungen\\\/\"},{\"@type\":\"ListItem\",\"position\":3,\"name\":\"Beratung f\u00fcr die Jahresthemen\"}]},{\"@type\":\"WebSite\",\"@id\":\"https:\\\/\\\/www.astrologyaseminsurer.com\\\/de\\\/#website\",\"url\":\"https:\\\/\\\/www.astrologyaseminsurer.com\\\/de\\\/\",\"name\":\"Astrolog Yasemin S\u00fcrer\",\"description\":\"Astroloji\",\"publisher\":{\"@id\":\"https:\\\/\\\/www.astrologyaseminsurer.com\\\/de\\\/#\\\/schema\\\/person\\\/fcdc35438f86932c37f3eeb5bdf0bf65\"},\"potentialAction\":[{\"@type\":\"SearchAction\",\"target\":{\"@type\":\"EntryPoint\",\"urlTemplate\":\"https:\\\/\\\/www.astrologyaseminsurer.com\\\/de\\\/?s={search_term_string}\"},\"query-input\":{\"@type\":\"PropertyValueSpecification\",\"valueRequired\":true,\"valueName\":\"search_term_string\"}}],\"inLanguage\":\"de\"},{\"@type\":[\"Person\",\"Organization\"],\"@id\":\"https:\\\/\\\/www.astrologyaseminsurer.com\\\/de\\\/#\\\/schema\\\/person\\\/fcdc35438f86932c37f3eeb5bdf0bf65\",\"name\":\"Astrolog\",\"image\":{\"@type\":\"ImageObject\",\"inLanguage\":\"de\",\"@id\":\"https:\\\/\\\/www.astrologyaseminsurer.com\\\/wp-content\\\/uploads\\\/yasemin-surer-logo-3.png\",\"url\":\"https:\\\/\\\/www.astrologyaseminsurer.com\\\/wp-content\\\/uploads\\\/yasemin-surer-logo-3.png\",\"contentUrl\":\"https:\\\/\\\/www.astrologyaseminsurer.com\\\/wp-content\\\/uploads\\\/yasemin-surer-logo-3.png\",\"width\":400,\"height\":108,\"caption\":\"Astrolog\"},\"logo\":{\"@id\":\"https:\\\/\\\/www.astrologyaseminsurer.com\\\/wp-content\\\/uploads\\\/yasemin-surer-logo-3.png\"},\"sameAs\":[\"https:\\\/\\\/www.astrologyaseminsurer.com\"]}]}<\/script>\n<!-- \/ Yoast SEO plugin. -->","yoast_head_json":{"title":"Beratung f\u00fcr die Jahresthemen - Astrolog Yasemin S\u00fcrer","robots":{"index":"index","follow":"follow","max-snippet":"max-snippet:-1","max-image-preview":"max-image-preview:large","max-video-preview":"max-video-preview:-1"},"canonical":"https:\/\/www.astrologyaseminsurer.com\/de\/beratungen\/beratung-fuer-die-jahresthemen\/","og_locale":"de_DE","og_type":"article","og_title":"Beratung f\u00fcr die Jahresthemen - Astrolog Yasemin S\u00fcrer","og_description":"Beratung f\u00fcr die Jahresthemen Spezial an den Geburtstagen beginnt ein neues Jahresplan das Solar Return Analyse genannt wird. Ich berate Sie f\u00fcr Themen die auf ihren 1-Jahrigen Lehrplan stehen, welche Herausforderungen Sie erwartet, wie die bevorstehenden Chancen genutzt werden und wie Sie das beste daraus machen k\u00f6nnen.","og_url":"https:\/\/www.astrologyaseminsurer.com\/de\/beratungen\/beratung-fuer-die-jahresthemen\/","og_site_name":"Astrolog Yasemin S\u00fcrer","article_modified_time":"2021-07-04T15:47:46+00:00","og_image":[{"width":626,"height":417,"url":"https:\/\/www.astrologyaseminsurer.com\/wp-content\/uploads\/solar-return.jpg","type":"image\/jpeg"}],"twitter_card":"summary_large_image","twitter_misc":{"Gesch\u00e4tzte Lesezeit":"1\u00a0Minute"},"schema":{"@context":"https:\/\/schema.org","@graph":[{"@type":"WebPage","@id":"https:\/\/www.astrologyaseminsurer.com\/de\/beratungen\/beratung-fuer-die-jahresthemen\/","url":"https:\/\/www.astrologyaseminsurer.com\/de\/beratungen\/beratung-fuer-die-jahresthemen\/","name":"Beratung f\u00fcr die Jahresthemen - Astrolog Yasemin S\u00fcrer","isPartOf":{"@id":"https:\/\/www.astrologyaseminsurer.com\/de\/#website"},"primaryImageOfPage":{"@id":"https:\/\/www.astrologyaseminsurer.com\/de\/beratungen\/beratung-fuer-die-jahresthemen\/#primaryimage"},"image":{"@id":"https:\/\/www.astrologyaseminsurer.com\/de\/beratungen\/beratung-fuer-die-jahresthemen\/#primaryimage"},"thumbnailUrl":"https:\/\/www.astrologyaseminsurer.com\/wp-content\/uploads\/solar-return.jpg","datePublished":"2021-07-04T15:42:09+00:00","dateModified":"2021-07-04T15:47:46+00:00","breadcrumb":{"@id":"https:\/\/www.astrologyaseminsurer.com\/de\/beratungen\/beratung-fuer-die-jahresthemen\/#breadcrumb"},"inLanguage":"de","potentialAction":[{"@type":"ReadAction","target":["https:\/\/www.astrologyaseminsurer.com\/de\/beratungen\/beratung-fuer-die-jahresthemen\/"]}]},{"@type":"ImageObject","inLanguage":"de","@id":"https:\/\/www.astrologyaseminsurer.com\/de\/beratungen\/beratung-fuer-die-jahresthemen\/#primaryimage","url":"https:\/\/www.astrologyaseminsurer.com\/wp-content\/uploads\/solar-return.jpg","contentUrl":"https:\/\/www.astrologyaseminsurer.com\/wp-content\/uploads\/solar-return.jpg","width":626,"height":417},{"@type":"BreadcrumbList","@id":"https:\/\/www.astrologyaseminsurer.com\/de\/beratungen\/beratung-fuer-die-jahresthemen\/#breadcrumb","itemListElement":[{"@type":"ListItem","position":1,"name":"Startseite","item":"https:\/\/www.astrologyaseminsurer.com\/de\/"},{"@type":"ListItem","position":2,"name":"Beratungen","item":"https:\/\/www.astrologyaseminsurer.com\/de\/beratungen\/"},{"@type":"ListItem","position":3,"name":"Beratung f\u00fcr die Jahresthemen"}]},{"@type":"WebSite","@id":"https:\/\/www.astrologyaseminsurer.com\/de\/#website","url":"https:\/\/www.astrologyaseminsurer.com\/de\/","name":"Astrolog Yasemin S\u00fcrer","description":"Astroloji","publisher":{"@id":"https:\/\/www.astrologyaseminsurer.com\/de\/#\/schema\/person\/fcdc35438f86932c37f3eeb5bdf0bf65"},"potentialAction":[{"@type":"SearchAction","target":{"@type":"EntryPoint","urlTemplate":"https:\/\/www.astrologyaseminsurer.com\/de\/?s={search_term_string}"},"query-input":{"@type":"PropertyValueSpecification","valueRequired":true,"valueName":"search_term_string"}}],"inLanguage":"de"},{"@type":["Person","Organization"],"@id":"https:\/\/www.astrologyaseminsurer.com\/de\/#\/schema\/person\/fcdc35438f86932c37f3eeb5bdf0bf65","name":"Astrolog","image":{"@type":"ImageObject","inLanguage":"de","@id":"https:\/\/www.astrologyaseminsurer.com\/wp-content\/uploads\/yasemin-surer-logo-3.png","url":"https:\/\/www.astrologyaseminsurer.com\/wp-content\/uploads\/yasemin-surer-logo-3.png","contentUrl":"https:\/\/www.astrologyaseminsurer.com\/wp-content\/uploads\/yasemin-surer-logo-3.png","width":400,"height":108,"caption":"Astrolog"},"logo":{"@id":"https:\/\/www.astrologyaseminsurer.com\/wp-content\/uploads\/yasemin-surer-logo-3.png"},"sameAs":["https:\/\/www.astrologyaseminsurer.com"]}]}},"_links":{"self":[{"href":"https:\/\/www.astrologyaseminsurer.com\/de\/wp-json\/wp\/v2\/pages\/693","targetHints":{"allow":["GET"]}}],"collection":[{"href":"https:\/\/www.astrologyaseminsurer.com\/de\/wp-json\/wp\/v2\/pages"}],"about":[{"href":"https:\/\/www.astrologyaseminsurer.com\/de\/wp-json\/wp\/v2\/types\/page"}],"author":[{"embeddable":true,"href":"https:\/\/www.astrologyaseminsurer.com\/de\/wp-json\/wp\/v2\/users\/1"}],"replies":[{"embeddable":true,"href":"https:\/\/www.astrologyaseminsurer.com\/de\/wp-json\/wp\/v2\/comments?post=693"}],"version-history":[{"count":4,"href":"https:\/\/www.astrologyaseminsurer.com\/de\/wp-json\/wp\/v2\/pages\/693\/revisions"}],"predecessor-version":[{"id":700,"href":"https:\/\/www.astrologyaseminsurer.com\/de\/wp-json\/wp\/v2\/pages\/693\/revisions\/700"}],"up":[{"embeddable":true,"href":"https:\/\/www.astrologyaseminsurer.com\/de\/wp-json\/wp\/v2\/pages\/48"}],"wp:featuredmedia":[{"embeddable":true,"href":"https:\/\/www.astrologyaseminsurer.com\/de\/wp-json\/wp\/v2\/media\/170"}],"wp:attachment":[{"href":"https:\/\/www.astrologyaseminsurer.com\/de\/wp-json\/wp\/v2\/media?parent=693"}],"curies":[{"name":"wp","href":"https:\/\/api.w.org\/{rel}","templated":true}]}}