{"id":711,"date":"2021-07-04T18:53:38","date_gmt":"2021-07-04T15:53:38","guid":{"rendered":"https:\/\/www.astrologyaseminsurer.com\/?page_id=711"},"modified":"2021-07-06T17:05:08","modified_gmt":"2021-07-06T14:05:08","slug":"astrologische-partnerberatung","status":"publish","type":"page","link":"https:\/\/www.astrologyaseminsurer.com\/de\/beratungen\/astrologische-partnerberatung\/","title":{"rendered":"Astrologische Partnerberatung"},"content":{"rendered":"\t\t<div data-elementor-type=\"wp-page\" data-elementor-id=\"711\" class=\"elementor elementor-711 elementor-290\" data-elementor-post-type=\"page\">\n\t\t\t\t\t\t<section class=\"elementor-section elementor-top-section elementor-element elementor-element-5c75152 elementor-section-boxed elementor-section-height-default elementor-section-height-default\" data-id=\"5c75152\" data-element_type=\"section\" data-settings=\"{&quot;background_background&quot;:&quot;classic&quot;}\">\n\t\t\t\t\t\t<div class=\"elementor-container elementor-column-gap-default\">\n\t\t\t\t\t<div class=\"elementor-column elementor-col-100 elementor-top-column elementor-element elementor-element-cd21e5c\" data-id=\"cd21e5c\" data-element_type=\"column\">\n\t\t\t<div class=\"elementor-widget-wrap elementor-element-populated\">\n\t\t\t\t\t\t<div class=\"elementor-element elementor-element-f4e6c0c elementor-widget elementor-widget-breadcrumbs\" data-id=\"f4e6c0c\" data-element_type=\"widget\" data-widget_type=\"breadcrumbs.default\">\n\t\t\t\t<div class=\"elementor-widget-container\">\n\t\t\t\t\t<p id=\"breadcrumbs\"><span><span><a href=\"https:\/\/www.astrologyaseminsurer.com\/de\/\">Startseite<\/a><\/span><\/span><\/p>\t\t\t\t<\/div>\n\t\t\t\t<\/div>\n\t\t\t\t\t<\/div>\n\t\t<\/div>\n\t\t\t\t\t<\/div>\n\t\t<\/section>\n\t\t\t\t<section class=\"elementor-section elementor-top-section elementor-element elementor-element-ccd2406 elementor-section-content-middle elementor-section-boxed elementor-section-height-default elementor-section-height-default\" data-id=\"ccd2406\" data-element_type=\"section\">\n\t\t\t\t\t\t<div class=\"elementor-container elementor-column-gap-wide\">\n\t\t\t\t\t<div class=\"elementor-column elementor-col-66 elementor-top-column elementor-element elementor-element-f82815b\" data-id=\"f82815b\" data-element_type=\"column\">\n\t\t\t<div class=\"elementor-widget-wrap elementor-element-populated\">\n\t\t\t\t\t\t<div class=\"elementor-element elementor-element-0f2f327 elementor-widget elementor-widget-image\" data-id=\"0f2f327\" data-element_type=\"widget\" data-widget_type=\"image.default\">\n\t\t\t\t<div class=\"elementor-widget-container\">\n\t\t\t\t\t\t\t\t\t\t\t\t\t\t\t<img fetchpriority=\"high\" decoding=\"async\" width=\"800\" height=\"533\" src=\"https:\/\/www.astrologyaseminsurer.com\/wp-content\/uploads\/iliski-analizi.jpg\" class=\"attachment-large size-large wp-image-557\" alt=\"\" srcset=\"https:\/\/www.astrologyaseminsurer.com\/wp-content\/uploads\/iliski-analizi.jpg 900w, https:\/\/www.astrologyaseminsurer.com\/wp-content\/uploads\/iliski-analizi-300x200.jpg 300w, https:\/\/www.astrologyaseminsurer.com\/wp-content\/uploads\/iliski-analizi-150x100.jpg 150w, https:\/\/www.astrologyaseminsurer.com\/wp-content\/uploads\/iliski-analizi-768x512.jpg 768w\" sizes=\"(max-width: 800px) 100vw, 800px\" \/>\t\t\t\t\t\t\t\t\t\t\t\t\t\t\t<\/div>\n\t\t\t\t<\/div>\n\t\t\t\t\t<\/div>\n\t\t<\/div>\n\t\t\t\t<div class=\"elementor-column elementor-col-33 elementor-top-column elementor-element elementor-element-0bf977f\" data-id=\"0bf977f\" data-element_type=\"column\">\n\t\t\t<div class=\"elementor-widget-wrap elementor-element-populated\">\n\t\t\t\t\t\t<div class=\"elementor-element elementor-element-535a06a elementor-widget elementor-widget-heading\" data-id=\"535a06a\" data-element_type=\"widget\" data-widget_type=\"heading.default\">\n\t\t\t\t<div class=\"elementor-widget-container\">\n\t\t\t\t\t<h2 class=\"elementor-heading-title elementor-size-default\">Astrologische Partnerberatung<\/h2>\t\t\t\t<\/div>\n\t\t\t\t<\/div>\n\t\t\t\t<div class=\"elementor-element elementor-element-b4d273d elementor-widget elementor-widget-text-editor\" data-id=\"b4d273d\" data-element_type=\"widget\" data-widget_type=\"text-editor.default\">\n\t\t\t\t<div class=\"elementor-widget-container\">\n\t\t\t\t\t\t\t\t\t<p><strong>Partnerschaften stellt einer der wichtigsten Grundsteine des Lebens dar, daher ist es wichtig die Zweisammkeit zu analysieren in wie fern sie Charakterm\u00e4ssig zusammenpassen und die Beziehungsdymanik\u00a0 zu lernen.<\/strong><\/p><p>Was sind die gegenseitigen Erwartungen und Streitpunkte in der Beziehung, was hat sie seelisch zusammengef\u00fchrt und kennen Sie die Bed\u00fcrfnisse ihres Partners, was sind die Herausforderungne in dieser Beziehung. Die Antworten darauf erfahren sie in der Partnerberatung.<\/p><p>Die Partnerberatung kann auch f\u00fcr berufliche Partnerschaften, Kollegen, Freunde und Geschwister gemacht werden.<\/p>\t\t\t\t\t\t\t\t<\/div>\n\t\t\t\t<\/div>\n\t\t\t\t\t<\/div>\n\t\t<\/div>\n\t\t\t\t\t<\/div>\n\t\t<\/section>\n\t\t\t\t<section class=\"elementor-section elementor-top-section elementor-element elementor-element-dccdd23 elementor-section-boxed elementor-section-height-default elementor-section-height-default\" data-id=\"dccdd23\" data-element_type=\"section\">\n\t\t\t\t\t\t<div class=\"elementor-container elementor-column-gap-default\">\n\t\t\t\t\t<div class=\"elementor-column elementor-col-100 elementor-top-column elementor-element elementor-element-fb6592c\" data-id=\"fb6592c\" data-element_type=\"column\">\n\t\t\t<div class=\"elementor-widget-wrap elementor-element-populated\">\n\t\t\t\t\t\t<div class=\"elementor-element elementor-element-3cd52a3 elementor-widget elementor-widget-template\" data-id=\"3cd52a3\" data-element_type=\"widget\" data-widget_type=\"template.default\">\n\t\t\t\t<div class=\"elementor-widget-container\">\n\t\t\t\t\t\t\t<div class=\"elementor-template\">\n\t\t\t\t\t<div data-elementor-type=\"section\" data-elementor-id=\"682\" class=\"elementor elementor-682 elementor-146\" data-elementor-post-type=\"elementor_library\">\n\t\t\t\t\t<section class=\"elementor-section elementor-top-section elementor-element elementor-element-9cd0fcf elementor-section-stretched elementor-section-boxed elementor-section-height-default elementor-section-height-default\" data-id=\"9cd0fcf\" data-element_type=\"section\" data-settings=\"{&quot;stretch_section&quot;:&quot;section-stretched&quot;}\">\n\t\t\t\t\t\t<div class=\"elementor-container elementor-column-gap-default\">\n\t\t\t\t\t<div class=\"elementor-column elementor-col-100 elementor-top-column elementor-element elementor-element-aa77de2\" data-id=\"aa77de2\" data-element_type=\"column\">\n\t\t\t<div class=\"elementor-widget-wrap elementor-element-populated\">\n\t\t\t\t\t\t<div class=\"elementor-element elementor-element-38766a1 elementor-cta--skin-cover elementor-animated-content elementor-bg-transform elementor-bg-transform-zoom-in elementor-widget elementor-widget-call-to-action\" data-id=\"38766a1\" data-element_type=\"widget\" data-widget_type=\"call-to-action.default\">\n\t\t\t\t<div class=\"elementor-widget-container\">\n\t\t\t\t\t\t\t<div class=\"elementor-cta\">\n\t\t\t\t\t<div class=\"elementor-cta__bg-wrapper\">\n\t\t\t\t<div class=\"elementor-cta__bg elementor-bg\" style=\"background-image: url();\" role=\"img\" aria-label=\"\"><\/div>\n\t\t\t\t<div class=\"elementor-cta__bg-overlay\"><\/div>\n\t\t\t<\/div>\n\t\t\t\t\t\t\t<div class=\"elementor-cta__content\">\n\t\t\t\t\n\t\t\t\t\t\t\t\t\t<h2 class=\"elementor-cta__title elementor-cta__content-item elementor-content-item elementor-animated-item--grow\">\n\t\t\t\t\t\tKontakt\t\t\t\t\t<\/h2>\n\t\t\t\t\n\t\t\t\t\t\t\t\t\t<div class=\"elementor-cta__description elementor-cta__content-item elementor-content-item elementor-animated-item--grow\">\n\t\t\t\t\t\tSie k\u00f6nnen mich kontaktieren, indem Sie das Formular ausf\u00fcllen. Ich freue mich Sie auf Ihrem Weg begleiten zu k\u00f6nnen.\t\t\t\t\t<\/div>\n\t\t\t\t\n\t\t\t\t\t\t\t\t\t<div class=\"elementor-cta__button-wrapper elementor-cta__content-item elementor-content-item elementor-animated-item--grow\">\n\t\t\t\t\t<a class=\"elementor-cta__button elementor-button elementor-size-\" href=\"#elementor-action%3Aaction%3Dpopup%3Aopen%26settings%3DeyJpZCI6OTcxLCJ0b2dnbGUiOmZhbHNlfQ%3D%3D\">\n\t\t\t\t\t\tSenden\t\t\t\t\t<\/a>\n\t\t\t\t\t<\/div>\n\t\t\t\t\t\t\t<\/div>\n\t\t\t\t\t\t<\/div>\n\t\t\t\t\t\t<\/div>\n\t\t\t\t<\/div>\n\t\t\t\t\t<\/div>\n\t\t<\/div>\n\t\t\t\t\t<\/div>\n\t\t<\/section>\n\t\t\t\t<\/div>\n\t\t\t\t<\/div>\n\t\t\t\t\t\t<\/div>\n\t\t\t\t<\/div>\n\t\t\t\t\t<\/div>\n\t\t<\/div>\n\t\t\t\t\t<\/div>\n\t\t<\/section>\n\t\t\t\t<\/div>\n\t\t","protected":false},"excerpt":{"rendered":"<p>Astrologische Partnerberatung Partnerschaften stellt einer der wichtigsten Grundsteine des Lebens dar, daher ist es wichtig die Zweisammkeit zu analysieren in wie fern sie Charakterm\u00e4ssig zusammenpassen und die Beziehungsdymanik\u00a0 zu lernen. Was sind die gegenseitigen Erwartungen und Streitpunkte in der Beziehung, was hat sie seelisch zusammengef\u00fchrt und kennen Sie die Bed\u00fcrfnisse ihres Partners, was sind die [&hellip;]<\/p>\n","protected":false},"author":1,"featured_media":167,"parent":48,"menu_order":0,"comment_status":"closed","ping_status":"closed","template":"elementor_header_footer","meta":{"footnotes":""},"class_list":["post-711","page","type-page","status-publish","has-post-thumbnail","hentry"],"yoast_head":"<!-- This site is optimized with the Yoast SEO plugin v27.6 - https:\/\/yoast.com\/product\/yoast-seo-wordpress\/ -->\n<title>Astrologische Partnerberatung - Astrolog Yasemin S\u00fcrer<\/title>\n<meta name=\"robots\" content=\"index, follow, max-snippet:-1, max-image-preview:large, max-video-preview:-1\" \/>\n<link rel=\"canonical\" href=\"https:\/\/www.astrologyaseminsurer.com\/de\/beratungen\/astrologische-partnerberatung\/\" \/>\n<meta property=\"og:locale\" content=\"de_DE\" \/>\n<meta property=\"og:type\" content=\"article\" \/>\n<meta property=\"og:title\" content=\"Astrologische Partnerberatung - Astrolog Yasemin S\u00fcrer\" \/>\n<meta property=\"og:description\" content=\"Astrologische Partnerberatung Partnerschaften stellt einer der wichtigsten Grundsteine des Lebens dar, daher ist es wichtig die Zweisammkeit zu analysieren in wie fern sie Charakterm\u00e4ssig zusammenpassen und die Beziehungsdymanik\u00a0 zu lernen. Was sind die gegenseitigen Erwartungen und Streitpunkte in der Beziehung, was hat sie seelisch zusammengef\u00fchrt und kennen Sie die Bed\u00fcrfnisse ihres Partners, was sind die [&hellip;]\" \/>\n<meta property=\"og:url\" content=\"https:\/\/www.astrologyaseminsurer.com\/de\/beratungen\/astrologische-partnerberatung\/\" \/>\n<meta property=\"og:site_name\" content=\"Astrolog Yasemin S\u00fcrer\" \/>\n<meta property=\"article:modified_time\" content=\"2021-07-06T14:05:08+00:00\" \/>\n<meta property=\"og:image\" content=\"https:\/\/www.astrologyaseminsurer.com\/wp-content\/uploads\/beautiful-couple-spend-time-summer-city_1157-20044.jpg\" \/>\n\t<meta property=\"og:image:width\" content=\"626\" \/>\n\t<meta property=\"og:image:height\" content=\"417\" \/>\n\t<meta property=\"og:image:type\" content=\"image\/jpeg\" \/>\n<meta name=\"twitter:card\" content=\"summary_large_image\" \/>\n<meta name=\"twitter:label1\" content=\"Gesch\u00e4tzte Lesezeit\" \/>\n\t<meta name=\"twitter:data1\" content=\"1\u00a0Minute\" \/>\n<script type=\"application\/ld+json\" class=\"yoast-schema-graph\">{\"@context\":\"https:\\\/\\\/schema.org\",\"@graph\":[{\"@type\":\"WebPage\",\"@id\":\"https:\\\/\\\/www.astrologyaseminsurer.com\\\/de\\\/beratungen\\\/astrologische-partnerberatung\\\/\",\"url\":\"https:\\\/\\\/www.astrologyaseminsurer.com\\\/de\\\/beratungen\\\/astrologische-partnerberatung\\\/\",\"name\":\"Astrologische Partnerberatung - Astrolog Yasemin S\u00fcrer\",\"isPartOf\":{\"@id\":\"https:\\\/\\\/www.astrologyaseminsurer.com\\\/de\\\/#website\"},\"primaryImageOfPage\":{\"@id\":\"https:\\\/\\\/www.astrologyaseminsurer.com\\\/de\\\/beratungen\\\/astrologische-partnerberatung\\\/#primaryimage\"},\"image\":{\"@id\":\"https:\\\/\\\/www.astrologyaseminsurer.com\\\/de\\\/beratungen\\\/astrologische-partnerberatung\\\/#primaryimage\"},\"thumbnailUrl\":\"https:\\\/\\\/www.astrologyaseminsurer.com\\\/wp-content\\\/uploads\\\/beautiful-couple-spend-time-summer-city_1157-20044.jpg\",\"datePublished\":\"2021-07-04T15:53:38+00:00\",\"dateModified\":\"2021-07-06T14:05:08+00:00\",\"breadcrumb\":{\"@id\":\"https:\\\/\\\/www.astrologyaseminsurer.com\\\/de\\\/beratungen\\\/astrologische-partnerberatung\\\/#breadcrumb\"},\"inLanguage\":\"de\",\"potentialAction\":[{\"@type\":\"ReadAction\",\"target\":[\"https:\\\/\\\/www.astrologyaseminsurer.com\\\/de\\\/beratungen\\\/astrologische-partnerberatung\\\/\"]}]},{\"@type\":\"ImageObject\",\"inLanguage\":\"de\",\"@id\":\"https:\\\/\\\/www.astrologyaseminsurer.com\\\/de\\\/beratungen\\\/astrologische-partnerberatung\\\/#primaryimage\",\"url\":\"https:\\\/\\\/www.astrologyaseminsurer.com\\\/wp-content\\\/uploads\\\/beautiful-couple-spend-time-summer-city_1157-20044.jpg\",\"contentUrl\":\"https:\\\/\\\/www.astrologyaseminsurer.com\\\/wp-content\\\/uploads\\\/beautiful-couple-spend-time-summer-city_1157-20044.jpg\",\"width\":626,\"height\":417},{\"@type\":\"BreadcrumbList\",\"@id\":\"https:\\\/\\\/www.astrologyaseminsurer.com\\\/de\\\/beratungen\\\/astrologische-partnerberatung\\\/#breadcrumb\",\"itemListElement\":[{\"@type\":\"ListItem\",\"position\":1,\"name\":\"Startseite\",\"item\":\"https:\\\/\\\/www.astrologyaseminsurer.com\\\/de\\\/\"},{\"@type\":\"ListItem\",\"position\":2,\"name\":\"Beratungen\",\"item\":\"https:\\\/\\\/www.astrologyaseminsurer.com\\\/de\\\/beratungen\\\/\"},{\"@type\":\"ListItem\",\"position\":3,\"name\":\"Astrologische Partnerberatung\"}]},{\"@type\":\"WebSite\",\"@id\":\"https:\\\/\\\/www.astrologyaseminsurer.com\\\/de\\\/#website\",\"url\":\"https:\\\/\\\/www.astrologyaseminsurer.com\\\/de\\\/\",\"name\":\"Astrolog Yasemin S\u00fcrer\",\"description\":\"Astroloji\",\"publisher\":{\"@id\":\"https:\\\/\\\/www.astrologyaseminsurer.com\\\/de\\\/#\\\/schema\\\/person\\\/fcdc35438f86932c37f3eeb5bdf0bf65\"},\"potentialAction\":[{\"@type\":\"SearchAction\",\"target\":{\"@type\":\"EntryPoint\",\"urlTemplate\":\"https:\\\/\\\/www.astrologyaseminsurer.com\\\/de\\\/?s={search_term_string}\"},\"query-input\":{\"@type\":\"PropertyValueSpecification\",\"valueRequired\":true,\"valueName\":\"search_term_string\"}}],\"inLanguage\":\"de\"},{\"@type\":[\"Person\",\"Organization\"],\"@id\":\"https:\\\/\\\/www.astrologyaseminsurer.com\\\/de\\\/#\\\/schema\\\/person\\\/fcdc35438f86932c37f3eeb5bdf0bf65\",\"name\":\"Astrolog\",\"image\":{\"@type\":\"ImageObject\",\"inLanguage\":\"de\",\"@id\":\"https:\\\/\\\/www.astrologyaseminsurer.com\\\/wp-content\\\/uploads\\\/yasemin-surer-logo-3.png\",\"url\":\"https:\\\/\\\/www.astrologyaseminsurer.com\\\/wp-content\\\/uploads\\\/yasemin-surer-logo-3.png\",\"contentUrl\":\"https:\\\/\\\/www.astrologyaseminsurer.com\\\/wp-content\\\/uploads\\\/yasemin-surer-logo-3.png\",\"width\":400,\"height\":108,\"caption\":\"Astrolog\"},\"logo\":{\"@id\":\"https:\\\/\\\/www.astrologyaseminsurer.com\\\/wp-content\\\/uploads\\\/yasemin-surer-logo-3.png\"},\"sameAs\":[\"https:\\\/\\\/www.astrologyaseminsurer.com\"]}]}<\/script>\n<!-- \/ Yoast SEO plugin. -->","yoast_head_json":{"title":"Astrologische Partnerberatung - Astrolog Yasemin S\u00fcrer","robots":{"index":"index","follow":"follow","max-snippet":"max-snippet:-1","max-image-preview":"max-image-preview:large","max-video-preview":"max-video-preview:-1"},"canonical":"https:\/\/www.astrologyaseminsurer.com\/de\/beratungen\/astrologische-partnerberatung\/","og_locale":"de_DE","og_type":"article","og_title":"Astrologische Partnerberatung - Astrolog Yasemin S\u00fcrer","og_description":"Astrologische Partnerberatung Partnerschaften stellt einer der wichtigsten Grundsteine des Lebens dar, daher ist es wichtig die Zweisammkeit zu analysieren in wie fern sie Charakterm\u00e4ssig zusammenpassen und die Beziehungsdymanik\u00a0 zu lernen. Was sind die gegenseitigen Erwartungen und Streitpunkte in der Beziehung, was hat sie seelisch zusammengef\u00fchrt und kennen Sie die Bed\u00fcrfnisse ihres Partners, was sind die [&hellip;]","og_url":"https:\/\/www.astrologyaseminsurer.com\/de\/beratungen\/astrologische-partnerberatung\/","og_site_name":"Astrolog Yasemin S\u00fcrer","article_modified_time":"2021-07-06T14:05:08+00:00","og_image":[{"width":626,"height":417,"url":"https:\/\/www.astrologyaseminsurer.com\/wp-content\/uploads\/beautiful-couple-spend-time-summer-city_1157-20044.jpg","type":"image\/jpeg"}],"twitter_card":"summary_large_image","twitter_misc":{"Gesch\u00e4tzte Lesezeit":"1\u00a0Minute"},"schema":{"@context":"https:\/\/schema.org","@graph":[{"@type":"WebPage","@id":"https:\/\/www.astrologyaseminsurer.com\/de\/beratungen\/astrologische-partnerberatung\/","url":"https:\/\/www.astrologyaseminsurer.com\/de\/beratungen\/astrologische-partnerberatung\/","name":"Astrologische Partnerberatung - Astrolog Yasemin S\u00fcrer","isPartOf":{"@id":"https:\/\/www.astrologyaseminsurer.com\/de\/#website"},"primaryImageOfPage":{"@id":"https:\/\/www.astrologyaseminsurer.com\/de\/beratungen\/astrologische-partnerberatung\/#primaryimage"},"image":{"@id":"https:\/\/www.astrologyaseminsurer.com\/de\/beratungen\/astrologische-partnerberatung\/#primaryimage"},"thumbnailUrl":"https:\/\/www.astrologyaseminsurer.com\/wp-content\/uploads\/beautiful-couple-spend-time-summer-city_1157-20044.jpg","datePublished":"2021-07-04T15:53:38+00:00","dateModified":"2021-07-06T14:05:08+00:00","breadcrumb":{"@id":"https:\/\/www.astrologyaseminsurer.com\/de\/beratungen\/astrologische-partnerberatung\/#breadcrumb"},"inLanguage":"de","potentialAction":[{"@type":"ReadAction","target":["https:\/\/www.astrologyaseminsurer.com\/de\/beratungen\/astrologische-partnerberatung\/"]}]},{"@type":"ImageObject","inLanguage":"de","@id":"https:\/\/www.astrologyaseminsurer.com\/de\/beratungen\/astrologische-partnerberatung\/#primaryimage","url":"https:\/\/www.astrologyaseminsurer.com\/wp-content\/uploads\/beautiful-couple-spend-time-summer-city_1157-20044.jpg","contentUrl":"https:\/\/www.astrologyaseminsurer.com\/wp-content\/uploads\/beautiful-couple-spend-time-summer-city_1157-20044.jpg","width":626,"height":417},{"@type":"BreadcrumbList","@id":"https:\/\/www.astrologyaseminsurer.com\/de\/beratungen\/astrologische-partnerberatung\/#breadcrumb","itemListElement":[{"@type":"ListItem","position":1,"name":"Startseite","item":"https:\/\/www.astrologyaseminsurer.com\/de\/"},{"@type":"ListItem","position":2,"name":"Beratungen","item":"https:\/\/www.astrologyaseminsurer.com\/de\/beratungen\/"},{"@type":"ListItem","position":3,"name":"Astrologische Partnerberatung"}]},{"@type":"WebSite","@id":"https:\/\/www.astrologyaseminsurer.com\/de\/#website","url":"https:\/\/www.astrologyaseminsurer.com\/de\/","name":"Astrolog Yasemin S\u00fcrer","description":"Astroloji","publisher":{"@id":"https:\/\/www.astrologyaseminsurer.com\/de\/#\/schema\/person\/fcdc35438f86932c37f3eeb5bdf0bf65"},"potentialAction":[{"@type":"SearchAction","target":{"@type":"EntryPoint","urlTemplate":"https:\/\/www.astrologyaseminsurer.com\/de\/?s={search_term_string}"},"query-input":{"@type":"PropertyValueSpecification","valueRequired":true,"valueName":"search_term_string"}}],"inLanguage":"de"},{"@type":["Person","Organization"],"@id":"https:\/\/www.astrologyaseminsurer.com\/de\/#\/schema\/person\/fcdc35438f86932c37f3eeb5bdf0bf65","name":"Astrolog","image":{"@type":"ImageObject","inLanguage":"de","@id":"https:\/\/www.astrologyaseminsurer.com\/wp-content\/uploads\/yasemin-surer-logo-3.png","url":"https:\/\/www.astrologyaseminsurer.com\/wp-content\/uploads\/yasemin-surer-logo-3.png","contentUrl":"https:\/\/www.astrologyaseminsurer.com\/wp-content\/uploads\/yasemin-surer-logo-3.png","width":400,"height":108,"caption":"Astrolog"},"logo":{"@id":"https:\/\/www.astrologyaseminsurer.com\/wp-content\/uploads\/yasemin-surer-logo-3.png"},"sameAs":["https:\/\/www.astrologyaseminsurer.com"]}]}},"_links":{"self":[{"href":"https:\/\/www.astrologyaseminsurer.com\/de\/wp-json\/wp\/v2\/pages\/711","targetHints":{"allow":["GET"]}}],"collection":[{"href":"https:\/\/www.astrologyaseminsurer.com\/de\/wp-json\/wp\/v2\/pages"}],"about":[{"href":"https:\/\/www.astrologyaseminsurer.com\/de\/wp-json\/wp\/v2\/types\/page"}],"author":[{"embeddable":true,"href":"https:\/\/www.astrologyaseminsurer.com\/de\/wp-json\/wp\/v2\/users\/1"}],"replies":[{"embeddable":true,"href":"https:\/\/www.astrologyaseminsurer.com\/de\/wp-json\/wp\/v2\/comments?post=711"}],"version-history":[{"count":10,"href":"https:\/\/www.astrologyaseminsurer.com\/de\/wp-json\/wp\/v2\/pages\/711\/revisions"}],"predecessor-version":[{"id":904,"href":"https:\/\/www.astrologyaseminsurer.com\/de\/wp-json\/wp\/v2\/pages\/711\/revisions\/904"}],"up":[{"embeddable":true,"href":"https:\/\/www.astrologyaseminsurer.com\/de\/wp-json\/wp\/v2\/pages\/48"}],"wp:featuredmedia":[{"embeddable":true,"href":"https:\/\/www.astrologyaseminsurer.com\/de\/wp-json\/wp\/v2\/media\/167"}],"wp:attachment":[{"href":"https:\/\/www.astrologyaseminsurer.com\/de\/wp-json\/wp\/v2\/media?parent=711"}],"curies":[{"name":"wp","href":"https:\/\/api.w.org\/{rel}","templated":true}]}}