{"id":804,"date":"2021-07-04T20:21:16","date_gmt":"2021-07-04T17:21:16","guid":{"rendered":"https:\/\/www.astrologyaseminsurer.com\/?page_id=804"},"modified":"2021-07-13T16:30:47","modified_gmt":"2021-07-13T13:30:47","slug":"datenschutz-und-sicherheit","status":"publish","type":"page","link":"https:\/\/www.astrologyaseminsurer.com\/de\/datenschutz-und-sicherheit\/","title":{"rendered":"Datenschutz und Sicherheit"},"content":{"rendered":"\t\t<div data-elementor-type=\"wp-page\" data-elementor-id=\"804\" class=\"elementor elementor-804 elementor-797\" data-elementor-post-type=\"page\">\n\t\t\t\t\t\t<section class=\"elementor-section elementor-top-section elementor-element elementor-element-164c262 elementor-section-boxed elementor-section-height-default elementor-section-height-default\" data-id=\"164c262\" data-element_type=\"section\" data-settings=\"{&quot;background_background&quot;:&quot;classic&quot;}\">\n\t\t\t\t\t\t<div class=\"elementor-container elementor-column-gap-default\">\n\t\t\t\t\t<div class=\"elementor-column elementor-col-100 elementor-top-column elementor-element elementor-element-622adfd\" data-id=\"622adfd\" data-element_type=\"column\">\n\t\t\t<div class=\"elementor-widget-wrap elementor-element-populated\">\n\t\t\t\t\t\t<div class=\"elementor-element elementor-element-e102772 elementor-widget elementor-widget-breadcrumbs\" data-id=\"e102772\" data-element_type=\"widget\" data-widget_type=\"breadcrumbs.default\">\n\t\t\t\t<div class=\"elementor-widget-container\">\n\t\t\t\t\t<p id=\"breadcrumbs\"><span><span><a href=\"https:\/\/www.astrologyaseminsurer.com\/de\/\">Startseite<\/a><\/span><\/span><\/p>\t\t\t\t<\/div>\n\t\t\t\t<\/div>\n\t\t\t\t\t<\/div>\n\t\t<\/div>\n\t\t\t\t\t<\/div>\n\t\t<\/section>\n\t\t\t\t<section class=\"elementor-section elementor-top-section elementor-element elementor-element-44beff elementor-section-boxed elementor-section-height-default elementor-section-height-default\" data-id=\"44beff\" data-element_type=\"section\">\n\t\t\t\t\t\t<div class=\"elementor-container elementor-column-gap-default\">\n\t\t\t\t\t<div class=\"elementor-column elementor-col-100 elementor-top-column elementor-element elementor-element-2aea1479\" data-id=\"2aea1479\" data-element_type=\"column\">\n\t\t\t<div class=\"elementor-widget-wrap elementor-element-populated\">\n\t\t\t\t\t\t<div class=\"elementor-element elementor-element-75d5b7e3 elementor-widget elementor-widget-text-editor\" data-id=\"75d5b7e3\" data-element_type=\"widget\" data-widget_type=\"text-editor.default\">\n\t\t\t\t<div class=\"elementor-widget-container\">\n\t\t\t\t\t\t\t\t\t<p><strong>Wer sind wir<\/strong><\/p><p>Unsere Website-Adresse: https:\/\/www.astrologyaseminsurer.com.<\/p><p><strong>Cookies:<\/strong><\/p><p>Wenn Sie einen Kommentar auf unserer Website hinterlassen, k\u00f6nnen Sie Ihren Namen, Ihre E-Mail-Adresse und Ihre Website in Cookies speichern. Dieses dient dazu, damit Sie Ihre Informationen nicht erneut eingeben m\u00fcssen, wenn Sie einen weiteren Kommentar hinterlassen. Diese Cookies bleiben f\u00fcr ein Jahr.<\/p><p>Wenn Sie unsere Homepage besuchen, setzen wir ein tempor\u00e4res Cookie, um festzustellen, ob Ihr Browser Cookies akzeptiert. Dieses Cookie enth\u00e4lt keine personenbezogenen Daten und wird verworfen, wenn Sie Ihren Browser schlie\u00dfen.<\/p><p>Wenn Sie sich anmelden, speichern wir einige Cookies, um Ihre Anmeldeinformationen und die Auswahl der Bildschirmansicht zu speichern. Anmelde-Cookies bleiben zwei Tage und Bildschirmoptionen-Cookies bleiben ein Jahr. Wenn Sie die Option \u201eAngemeldet bleiben\u201c w\u00e4hlen, dauert Ihr Login zwei Wochen. Wenn Sie sich von Ihrem Konto abmelden, werden die Anmelde-Cookies entfernt.<\/p><p>Inhalte in dieser Website k\u00f6nnen von anderen Websites\u00a0 Inhalte enthalten (z. B. Videos, Bilder, Artikel usw.). Von anderen Websites enthaltene Inhalte verhalten sich genau so, als ob der Besucher die andere Website besucht h\u00e4tte.<\/p><p>Diese Websites k\u00f6nnen Daten \u00fcber Sie sammeln, Cookies verwenden. Diese Drittanbieter k\u00f6nnen ihre Inhalte, wenn Sie auf deren Website angemeldet sind und ein Konto haben ihre Interaktion mit diesem vorhandenen Inhalt \u00fcberwachen und Verfolgen.<\/p>\t\t\t\t\t\t\t\t<\/div>\n\t\t\t\t<\/div>\n\t\t\t\t\t<\/div>\n\t\t<\/div>\n\t\t\t\t\t<\/div>\n\t\t<\/section>\n\t\t\t\t<\/div>\n\t\t","protected":false},"excerpt":{"rendered":"<p>Wer sind wir Unsere Website-Adresse: https:\/\/www.astrologyaseminsurer.com. Cookies: Wenn Sie einen Kommentar auf unserer Website hinterlassen, k\u00f6nnen Sie Ihren Namen, Ihre E-Mail-Adresse und Ihre Website in Cookies speichern. Dieses dient dazu, damit Sie Ihre Informationen nicht erneut eingeben m\u00fcssen, wenn Sie einen weiteren Kommentar hinterlassen. Diese Cookies bleiben f\u00fcr ein Jahr. Wenn Sie unsere Homepage besuchen, [&hellip;]<\/p>\n","protected":false},"author":1,"featured_media":0,"parent":0,"menu_order":0,"comment_status":"closed","ping_status":"closed","template":"elementor_header_footer","meta":{"footnotes":""},"class_list":["post-804","page","type-page","status-publish","hentry"],"yoast_head":"<!-- This site is optimized with the Yoast SEO plugin v27.6 - https:\/\/yoast.com\/product\/yoast-seo-wordpress\/ -->\n<title>Datenschutz und Sicherheit - Astrolog Yasemin S\u00fcrer<\/title>\n<meta name=\"robots\" content=\"index, follow, max-snippet:-1, max-image-preview:large, max-video-preview:-1\" \/>\n<link rel=\"canonical\" href=\"https:\/\/www.astrologyaseminsurer.com\/de\/datenschutz-und-sicherheit\/\" \/>\n<meta property=\"og:locale\" content=\"de_DE\" \/>\n<meta property=\"og:type\" content=\"article\" \/>\n<meta property=\"og:title\" content=\"Datenschutz und Sicherheit - Astrolog Yasemin S\u00fcrer\" \/>\n<meta property=\"og:description\" content=\"Wer sind wir Unsere Website-Adresse: https:\/\/www.astrologyaseminsurer.com. Cookies: Wenn Sie einen Kommentar auf unserer Website hinterlassen, k\u00f6nnen Sie Ihren Namen, Ihre E-Mail-Adresse und Ihre Website in Cookies speichern. Dieses dient dazu, damit Sie Ihre Informationen nicht erneut eingeben m\u00fcssen, wenn Sie einen weiteren Kommentar hinterlassen. Diese Cookies bleiben f\u00fcr ein Jahr. Wenn Sie unsere Homepage besuchen, [&hellip;]\" \/>\n<meta property=\"og:url\" content=\"https:\/\/www.astrologyaseminsurer.com\/de\/datenschutz-und-sicherheit\/\" \/>\n<meta property=\"og:site_name\" content=\"Astrolog Yasemin S\u00fcrer\" \/>\n<meta property=\"article:modified_time\" content=\"2021-07-13T13:30:47+00:00\" \/>\n<meta name=\"twitter:card\" content=\"summary_large_image\" \/>\n<meta name=\"twitter:label1\" content=\"Gesch\u00e4tzte Lesezeit\" \/>\n\t<meta name=\"twitter:data1\" content=\"1\u00a0Minute\" \/>\n<script type=\"application\/ld+json\" class=\"yoast-schema-graph\">{\"@context\":\"https:\\\/\\\/schema.org\",\"@graph\":[{\"@type\":\"WebPage\",\"@id\":\"https:\\\/\\\/www.astrologyaseminsurer.com\\\/de\\\/datenschutz-und-sicherheit\\\/\",\"url\":\"https:\\\/\\\/www.astrologyaseminsurer.com\\\/de\\\/datenschutz-und-sicherheit\\\/\",\"name\":\"Datenschutz und Sicherheit - Astrolog Yasemin S\u00fcrer\",\"isPartOf\":{\"@id\":\"https:\\\/\\\/www.astrologyaseminsurer.com\\\/de\\\/#website\"},\"datePublished\":\"2021-07-04T17:21:16+00:00\",\"dateModified\":\"2021-07-13T13:30:47+00:00\",\"breadcrumb\":{\"@id\":\"https:\\\/\\\/www.astrologyaseminsurer.com\\\/de\\\/datenschutz-und-sicherheit\\\/#breadcrumb\"},\"inLanguage\":\"de\",\"potentialAction\":[{\"@type\":\"ReadAction\",\"target\":[\"https:\\\/\\\/www.astrologyaseminsurer.com\\\/de\\\/datenschutz-und-sicherheit\\\/\"]}]},{\"@type\":\"BreadcrumbList\",\"@id\":\"https:\\\/\\\/www.astrologyaseminsurer.com\\\/de\\\/datenschutz-und-sicherheit\\\/#breadcrumb\",\"itemListElement\":[{\"@type\":\"ListItem\",\"position\":1,\"name\":\"Startseite\",\"item\":\"https:\\\/\\\/www.astrologyaseminsurer.com\\\/de\\\/\"},{\"@type\":\"ListItem\",\"position\":2,\"name\":\"Datenschutz und Sicherheit\"}]},{\"@type\":\"WebSite\",\"@id\":\"https:\\\/\\\/www.astrologyaseminsurer.com\\\/de\\\/#website\",\"url\":\"https:\\\/\\\/www.astrologyaseminsurer.com\\\/de\\\/\",\"name\":\"Astrolog Yasemin S\u00fcrer\",\"description\":\"Astroloji\",\"publisher\":{\"@id\":\"https:\\\/\\\/www.astrologyaseminsurer.com\\\/de\\\/#\\\/schema\\\/person\\\/fcdc35438f86932c37f3eeb5bdf0bf65\"},\"potentialAction\":[{\"@type\":\"SearchAction\",\"target\":{\"@type\":\"EntryPoint\",\"urlTemplate\":\"https:\\\/\\\/www.astrologyaseminsurer.com\\\/de\\\/?s={search_term_string}\"},\"query-input\":{\"@type\":\"PropertyValueSpecification\",\"valueRequired\":true,\"valueName\":\"search_term_string\"}}],\"inLanguage\":\"de\"},{\"@type\":[\"Person\",\"Organization\"],\"@id\":\"https:\\\/\\\/www.astrologyaseminsurer.com\\\/de\\\/#\\\/schema\\\/person\\\/fcdc35438f86932c37f3eeb5bdf0bf65\",\"name\":\"Astrolog\",\"image\":{\"@type\":\"ImageObject\",\"inLanguage\":\"de\",\"@id\":\"https:\\\/\\\/www.astrologyaseminsurer.com\\\/wp-content\\\/uploads\\\/yasemin-surer-logo-3.png\",\"url\":\"https:\\\/\\\/www.astrologyaseminsurer.com\\\/wp-content\\\/uploads\\\/yasemin-surer-logo-3.png\",\"contentUrl\":\"https:\\\/\\\/www.astrologyaseminsurer.com\\\/wp-content\\\/uploads\\\/yasemin-surer-logo-3.png\",\"width\":400,\"height\":108,\"caption\":\"Astrolog\"},\"logo\":{\"@id\":\"https:\\\/\\\/www.astrologyaseminsurer.com\\\/wp-content\\\/uploads\\\/yasemin-surer-logo-3.png\"},\"sameAs\":[\"https:\\\/\\\/www.astrologyaseminsurer.com\"]}]}<\/script>\n<!-- \/ Yoast SEO plugin. -->","yoast_head_json":{"title":"Datenschutz und Sicherheit - Astrolog Yasemin S\u00fcrer","robots":{"index":"index","follow":"follow","max-snippet":"max-snippet:-1","max-image-preview":"max-image-preview:large","max-video-preview":"max-video-preview:-1"},"canonical":"https:\/\/www.astrologyaseminsurer.com\/de\/datenschutz-und-sicherheit\/","og_locale":"de_DE","og_type":"article","og_title":"Datenschutz und Sicherheit - Astrolog Yasemin S\u00fcrer","og_description":"Wer sind wir Unsere Website-Adresse: https:\/\/www.astrologyaseminsurer.com. Cookies: Wenn Sie einen Kommentar auf unserer Website hinterlassen, k\u00f6nnen Sie Ihren Namen, Ihre E-Mail-Adresse und Ihre Website in Cookies speichern. Dieses dient dazu, damit Sie Ihre Informationen nicht erneut eingeben m\u00fcssen, wenn Sie einen weiteren Kommentar hinterlassen. Diese Cookies bleiben f\u00fcr ein Jahr. Wenn Sie unsere Homepage besuchen, [&hellip;]","og_url":"https:\/\/www.astrologyaseminsurer.com\/de\/datenschutz-und-sicherheit\/","og_site_name":"Astrolog Yasemin S\u00fcrer","article_modified_time":"2021-07-13T13:30:47+00:00","twitter_card":"summary_large_image","twitter_misc":{"Gesch\u00e4tzte Lesezeit":"1\u00a0Minute"},"schema":{"@context":"https:\/\/schema.org","@graph":[{"@type":"WebPage","@id":"https:\/\/www.astrologyaseminsurer.com\/de\/datenschutz-und-sicherheit\/","url":"https:\/\/www.astrologyaseminsurer.com\/de\/datenschutz-und-sicherheit\/","name":"Datenschutz und Sicherheit - Astrolog Yasemin S\u00fcrer","isPartOf":{"@id":"https:\/\/www.astrologyaseminsurer.com\/de\/#website"},"datePublished":"2021-07-04T17:21:16+00:00","dateModified":"2021-07-13T13:30:47+00:00","breadcrumb":{"@id":"https:\/\/www.astrologyaseminsurer.com\/de\/datenschutz-und-sicherheit\/#breadcrumb"},"inLanguage":"de","potentialAction":[{"@type":"ReadAction","target":["https:\/\/www.astrologyaseminsurer.com\/de\/datenschutz-und-sicherheit\/"]}]},{"@type":"BreadcrumbList","@id":"https:\/\/www.astrologyaseminsurer.com\/de\/datenschutz-und-sicherheit\/#breadcrumb","itemListElement":[{"@type":"ListItem","position":1,"name":"Startseite","item":"https:\/\/www.astrologyaseminsurer.com\/de\/"},{"@type":"ListItem","position":2,"name":"Datenschutz und Sicherheit"}]},{"@type":"WebSite","@id":"https:\/\/www.astrologyaseminsurer.com\/de\/#website","url":"https:\/\/www.astrologyaseminsurer.com\/de\/","name":"Astrolog Yasemin S\u00fcrer","description":"Astroloji","publisher":{"@id":"https:\/\/www.astrologyaseminsurer.com\/de\/#\/schema\/person\/fcdc35438f86932c37f3eeb5bdf0bf65"},"potentialAction":[{"@type":"SearchAction","target":{"@type":"EntryPoint","urlTemplate":"https:\/\/www.astrologyaseminsurer.com\/de\/?s={search_term_string}"},"query-input":{"@type":"PropertyValueSpecification","valueRequired":true,"valueName":"search_term_string"}}],"inLanguage":"de"},{"@type":["Person","Organization"],"@id":"https:\/\/www.astrologyaseminsurer.com\/de\/#\/schema\/person\/fcdc35438f86932c37f3eeb5bdf0bf65","name":"Astrolog","image":{"@type":"ImageObject","inLanguage":"de","@id":"https:\/\/www.astrologyaseminsurer.com\/wp-content\/uploads\/yasemin-surer-logo-3.png","url":"https:\/\/www.astrologyaseminsurer.com\/wp-content\/uploads\/yasemin-surer-logo-3.png","contentUrl":"https:\/\/www.astrologyaseminsurer.com\/wp-content\/uploads\/yasemin-surer-logo-3.png","width":400,"height":108,"caption":"Astrolog"},"logo":{"@id":"https:\/\/www.astrologyaseminsurer.com\/wp-content\/uploads\/yasemin-surer-logo-3.png"},"sameAs":["https:\/\/www.astrologyaseminsurer.com"]}]}},"_links":{"self":[{"href":"https:\/\/www.astrologyaseminsurer.com\/de\/wp-json\/wp\/v2\/pages\/804","targetHints":{"allow":["GET"]}}],"collection":[{"href":"https:\/\/www.astrologyaseminsurer.com\/de\/wp-json\/wp\/v2\/pages"}],"about":[{"href":"https:\/\/www.astrologyaseminsurer.com\/de\/wp-json\/wp\/v2\/types\/page"}],"author":[{"embeddable":true,"href":"https:\/\/www.astrologyaseminsurer.com\/de\/wp-json\/wp\/v2\/users\/1"}],"replies":[{"embeddable":true,"href":"https:\/\/www.astrologyaseminsurer.com\/de\/wp-json\/wp\/v2\/comments?post=804"}],"version-history":[{"count":11,"href":"https:\/\/www.astrologyaseminsurer.com\/de\/wp-json\/wp\/v2\/pages\/804\/revisions"}],"predecessor-version":[{"id":912,"href":"https:\/\/www.astrologyaseminsurer.com\/de\/wp-json\/wp\/v2\/pages\/804\/revisions\/912"}],"wp:attachment":[{"href":"https:\/\/www.astrologyaseminsurer.com\/de\/wp-json\/wp\/v2\/media?parent=804"}],"curies":[{"name":"wp","href":"https:\/\/api.w.org\/{rel}","templated":true}]}}